{"id":44589,"date":"2026-01-30T11:43:00","date_gmt":"2026-01-30T11:43:00","guid":{"rendered":"https:\/\/energyhome.lv\/products\/detector-wrl-fireprotect-2-rb-co-white-63212-ajax\/"},"modified":"2026-01-30T13:09:01","modified_gmt":"2026-01-30T13:09:01","slug":"detector-wrl-fireprotect-2-rb-co-white-63212-ajax","status":"publish","type":"product","link":"https:\/\/energyhome.lv\/en\/products\/detector-wrl-fireprotect-2-rb-co-white-63212-ajax\/","title":{"rendered":"DETECTOR WRL FIREPROTECT 2 RB\/CO WHITE 63212 AJAX"},"content":{"rendered":"<p>Detector Type Fire | Operating temperature range 0\u00b0\u0421 to +50\u00b0\u0421 | Power supply requirements 2\u00d7CR123A battery | Colour White | Included Accessories SmartBracket mounting panel;Installation kit;2 \u00d7 CR123A battery (pre-installed);Quick Start Guide | Dimensions 44\u00d786\u00d786 mm<\/p>\n","protected":false},"excerpt":{"rendered":"<p>Detector Type Fire | Operating temperature range 0\u00b0\u0421 to +50\u00b0\u0421 | Power supply requirements 2\u00d7CR123A battery | Colour White |<\/p>\n","protected":false},"featured_media":0,"template":"","meta":[],"product_brand":[],"product_cat":[2660],"product_tag":[],"class_list":{"0":"post-44589","1":"product","2":"type-product","3":"status-publish","5":"product_cat-detektori","6":"pa_garantija-menesi-953","7":"pa_razotajs-ajax","8":"pa_svitru-kods-2741","10":"first","11":"instock","12":"taxable","13":"shipping-taxable","14":"purchasable","15":"product-type-simple"},"yoast_head":"<!-- This site is optimized with the Yoast SEO plugin v24.3 - https:\/\/yoast.com\/wordpress\/plugins\/seo\/ -->\n<title>DETECTOR WRL FIREPROTECT 2 RB\/CO WHITE 63212 AJAX - Energy Home<\/title>\n<meta name=\"robots\" content=\"index, follow, max-snippet:-1, max-image-preview:large, max-video-preview:-1\" \/>\n<link rel=\"canonical\" href=\"https:\/\/energyhome.lv\/products\/detector-wrl-fireprotect-2-rb-co-white-63212-ajax\/\" \/>\n<meta property=\"og:locale\" content=\"en_US\" \/>\n<meta property=\"og:type\" content=\"article\" \/>\n<meta property=\"og:title\" content=\"DETECTOR WRL FIREPROTECT 2 RB\/CO WHITE 63212 AJAX - Energy Home\" \/>\n<meta property=\"og:description\" content=\"Detector Type Fire | Operating temperature range 0\u00b0\u0421 to +50\u00b0\u0421 | Power supply requirements 2\u00d7CR123A battery | Colour White |\" \/>\n<meta property=\"og:url\" content=\"https:\/\/energyhome.lv\/products\/detector-wrl-fireprotect-2-rb-co-white-63212-ajax\/\" \/>\n<meta property=\"og:site_name\" content=\"Energy Home\" \/>\n<meta property=\"article:modified_time\" content=\"2026-01-30T13:09:01+00:00\" \/>\n<meta name=\"twitter:card\" content=\"summary_large_image\" \/>\n<script type=\"application\/ld+json\" class=\"yoast-schema-graph\">{\"@context\":\"https:\/\/schema.org\",\"@graph\":[{\"@type\":\"WebPage\",\"@id\":\"https:\/\/energyhome.lv\/products\/detector-wrl-fireprotect-2-rb-co-white-63212-ajax\/\",\"url\":\"https:\/\/energyhome.lv\/products\/detector-wrl-fireprotect-2-rb-co-white-63212-ajax\/\",\"name\":\"DETECTOR WRL FIREPROTECT 2 RB\/CO WHITE 63212 AJAX - Energy Home\",\"isPartOf\":{\"@id\":\"https:\/\/energyhome.lv\/#website\"},\"datePublished\":\"2026-01-30T11:43:00+00:00\",\"dateModified\":\"2026-01-30T13:09:01+00:00\",\"breadcrumb\":{\"@id\":\"https:\/\/energyhome.lv\/products\/detector-wrl-fireprotect-2-rb-co-white-63212-ajax\/#breadcrumb\"},\"inLanguage\":\"en-US\",\"potentialAction\":[{\"@type\":\"ReadAction\",\"target\":[\"https:\/\/energyhome.lv\/products\/detector-wrl-fireprotect-2-rb-co-white-63212-ajax\/\"]}]},{\"@type\":\"BreadcrumbList\",\"@id\":\"https:\/\/energyhome.lv\/products\/detector-wrl-fireprotect-2-rb-co-white-63212-ajax\/#breadcrumb\",\"itemListElement\":[{\"@type\":\"ListItem\",\"position\":1,\"name\":\"Home\",\"item\":\"https:\/\/energyhome.lv\/en\/\"},{\"@type\":\"ListItem\",\"position\":2,\"name\":\"Shop\",\"item\":\"https:\/\/energyhome.lv\/\"},{\"@type\":\"ListItem\",\"position\":3,\"name\":\"DETECTOR WRL FIREPROTECT 2 RB\/CO WHITE 63212 AJAX\"}]},{\"@type\":\"WebSite\",\"@id\":\"https:\/\/energyhome.lv\/#website\",\"url\":\"https:\/\/energyhome.lv\/\",\"name\":\"Energy Home\",\"description\":\"Saules pane\u013ci\",\"publisher\":{\"@id\":\"https:\/\/energyhome.lv\/#organization\"},\"potentialAction\":[{\"@type\":\"SearchAction\",\"target\":{\"@type\":\"EntryPoint\",\"urlTemplate\":\"https:\/\/energyhome.lv\/?s={search_term_string}\"},\"query-input\":{\"@type\":\"PropertyValueSpecification\",\"valueRequired\":true,\"valueName\":\"search_term_string\"}}],\"inLanguage\":\"en-US\"},{\"@type\":\"Organization\",\"@id\":\"https:\/\/energyhome.lv\/#organization\",\"name\":\"Energy Home\",\"url\":\"https:\/\/energyhome.lv\/\",\"logo\":{\"@type\":\"ImageObject\",\"inLanguage\":\"en-US\",\"@id\":\"https:\/\/energyhome.lv\/#\/schema\/logo\/image\/\",\"url\":\"https:\/\/energyhome.lv\/wp-content\/uploads\/2024\/12\/LOGO-PANELI.fw_.png\",\"contentUrl\":\"https:\/\/energyhome.lv\/wp-content\/uploads\/2024\/12\/LOGO-PANELI.fw_.png\",\"width\":537,\"height\":122,\"caption\":\"Energy Home\"},\"image\":{\"@id\":\"https:\/\/energyhome.lv\/#\/schema\/logo\/image\/\"}}]}<\/script>\n<!-- \/ Yoast SEO plugin. -->","yoast_head_json":{"title":"DETECTOR WRL FIREPROTECT 2 RB\/CO WHITE 63212 AJAX - Energy Home","robots":{"index":"index","follow":"follow","max-snippet":"max-snippet:-1","max-image-preview":"max-image-preview:large","max-video-preview":"max-video-preview:-1"},"canonical":"https:\/\/energyhome.lv\/products\/detector-wrl-fireprotect-2-rb-co-white-63212-ajax\/","og_locale":"en_US","og_type":"article","og_title":"DETECTOR WRL FIREPROTECT 2 RB\/CO WHITE 63212 AJAX - Energy Home","og_description":"Detector Type Fire | Operating temperature range 0\u00b0\u0421 to +50\u00b0\u0421 | Power supply requirements 2\u00d7CR123A battery | Colour White |","og_url":"https:\/\/energyhome.lv\/products\/detector-wrl-fireprotect-2-rb-co-white-63212-ajax\/","og_site_name":"Energy Home","article_modified_time":"2026-01-30T13:09:01+00:00","twitter_card":"summary_large_image","schema":{"@context":"https:\/\/schema.org","@graph":[{"@type":"WebPage","@id":"https:\/\/energyhome.lv\/products\/detector-wrl-fireprotect-2-rb-co-white-63212-ajax\/","url":"https:\/\/energyhome.lv\/products\/detector-wrl-fireprotect-2-rb-co-white-63212-ajax\/","name":"DETECTOR WRL FIREPROTECT 2 RB\/CO WHITE 63212 AJAX - Energy Home","isPartOf":{"@id":"https:\/\/energyhome.lv\/#website"},"datePublished":"2026-01-30T11:43:00+00:00","dateModified":"2026-01-30T13:09:01+00:00","breadcrumb":{"@id":"https:\/\/energyhome.lv\/products\/detector-wrl-fireprotect-2-rb-co-white-63212-ajax\/#breadcrumb"},"inLanguage":"en-US","potentialAction":[{"@type":"ReadAction","target":["https:\/\/energyhome.lv\/products\/detector-wrl-fireprotect-2-rb-co-white-63212-ajax\/"]}]},{"@type":"BreadcrumbList","@id":"https:\/\/energyhome.lv\/products\/detector-wrl-fireprotect-2-rb-co-white-63212-ajax\/#breadcrumb","itemListElement":[{"@type":"ListItem","position":1,"name":"Home","item":"https:\/\/energyhome.lv\/en\/"},{"@type":"ListItem","position":2,"name":"Shop","item":"https:\/\/energyhome.lv\/"},{"@type":"ListItem","position":3,"name":"DETECTOR WRL FIREPROTECT 2 RB\/CO WHITE 63212 AJAX"}]},{"@type":"WebSite","@id":"https:\/\/energyhome.lv\/#website","url":"https:\/\/energyhome.lv\/","name":"Energy Home","description":"Saules pane\u013ci","publisher":{"@id":"https:\/\/energyhome.lv\/#organization"},"potentialAction":[{"@type":"SearchAction","target":{"@type":"EntryPoint","urlTemplate":"https:\/\/energyhome.lv\/?s={search_term_string}"},"query-input":{"@type":"PropertyValueSpecification","valueRequired":true,"valueName":"search_term_string"}}],"inLanguage":"en-US"},{"@type":"Organization","@id":"https:\/\/energyhome.lv\/#organization","name":"Energy Home","url":"https:\/\/energyhome.lv\/","logo":{"@type":"ImageObject","inLanguage":"en-US","@id":"https:\/\/energyhome.lv\/#\/schema\/logo\/image\/","url":"https:\/\/energyhome.lv\/wp-content\/uploads\/2024\/12\/LOGO-PANELI.fw_.png","contentUrl":"https:\/\/energyhome.lv\/wp-content\/uploads\/2024\/12\/LOGO-PANELI.fw_.png","width":537,"height":122,"caption":"Energy Home"},"image":{"@id":"https:\/\/energyhome.lv\/#\/schema\/logo\/image\/"}}]}},"_links":{"self":[{"href":"https:\/\/energyhome.lv\/en\/wp-json\/wp\/v2\/product\/44589","targetHints":{"allow":["GET"]}}],"collection":[{"href":"https:\/\/energyhome.lv\/en\/wp-json\/wp\/v2\/product"}],"about":[{"href":"https:\/\/energyhome.lv\/en\/wp-json\/wp\/v2\/types\/product"}],"version-history":[{"count":1,"href":"https:\/\/energyhome.lv\/en\/wp-json\/wp\/v2\/product\/44589\/revisions"}],"predecessor-version":[{"id":44590,"href":"https:\/\/energyhome.lv\/en\/wp-json\/wp\/v2\/product\/44589\/revisions\/44590"}],"wp:attachment":[{"href":"https:\/\/energyhome.lv\/en\/wp-json\/wp\/v2\/media?parent=44589"}],"wp:term":[{"taxonomy":"product_brand","embeddable":true,"href":"https:\/\/energyhome.lv\/en\/wp-json\/wp\/v2\/product_brand?post=44589"},{"taxonomy":"product_cat","embeddable":true,"href":"https:\/\/energyhome.lv\/en\/wp-json\/wp\/v2\/product_cat?post=44589"},{"taxonomy":"product_tag","embeddable":true,"href":"https:\/\/energyhome.lv\/en\/wp-json\/wp\/v2\/product_tag?post=44589"}],"curies":[{"name":"wp","href":"https:\/\/api.w.org\/{rel}","templated":true}]}}