{"id":45700,"date":"2025-02-04T10:05:36","date_gmt":"2025-02-04T10:05:36","guid":{"rendered":"https:\/\/energyhome.lv\/?post_type=product&#038;p=45700"},"modified":"2026-04-01T13:48:35","modified_gmt":"2026-04-01T13:48:35","slug":"aiko-510w-n-type-abc-gen2-full-black","status":"publish","type":"product","link":"https:\/\/energyhome.lv\/en\/products\/aiko-510w-n-type-abc-gen2-full-black\/","title":{"rendered":"AIKO 510W n-type ABC, GEN2, full black"},"content":{"rendered":"<ol>\n<li><strong>Saules panelis AIKO 510W n-type ABC, GEN2, Full Black<\/strong><\/li>\n<\/ol>\n<p><strong>Apraksts:<\/strong><br \/>\nAIKO 500W n-type ABC GEN2 Full Black saules panelis ir augstas efektivit\u0101tes un modern\u0101 dizaina fotogalvaniskais modulis, kas nodro\u0161ina lielisku veiktsp\u0113ju un ilgu kalpo\u0161anas laiku.<\/p>\n<p><strong>Galven\u0101s \u012bpa\u0161\u012bbas:<\/strong><\/p>\n<ul>\n<li><strong>Jauda:<\/strong> 510W<\/li>\n<li><strong>Tehnolo\u0123ija:<\/strong> n-type ABC (Advanced Back Contact)<\/li>\n<li><strong>Efektivit\u0101te:<\/strong> Augsta konversijas efektivit\u0101te, pateicoties uzlabotai ABC tehnolo\u0123ijai<\/li>\n<li><strong>Dizains:<\/strong> Piln\u012bb\u0101 melns (Full Black) \u2013 elegants izskats, ide\u0101li piem\u0113rots da\u017e\u0101diem jumta segumiem<\/li>\n<li><strong>Iztur\u012bba:<\/strong> Augsta iztur\u012bba pret \u0101r\u0113jiem apst\u0101k\u013ciem, ilgs kalpo\u0161anas laiks<\/li>\n<li><strong>Ombra efekta samazin\u0101\u0161ana:<\/strong> Efekt\u012bva darb\u012bba pat pie da\u013c\u0113jas \u0113no\u0161anas<\/li>\n<\/ul>\n<p>AIKO 510W panelis ir lieliska izv\u0113le gan dz\u012bvojam\u0101m, gan komerci\u0101l\u0101m saules ener\u0123ijas sist\u0113m\u0101m, nodro\u0161inot maksim\u0101lu ener\u0123ijas ra\u017eu un ilgtsp\u0113j\u012bgu risin\u0101jumu.<\/p>\n","protected":false},"excerpt":{"rendered":"<p>Saules panelis AIKO 510W n-type ABC, GEN2, Full Black Apraksts: AIKO 500W n-type ABC GEN2 Full Black saules panelis ir<\/p>\n","protected":false},"featured_media":45701,"template":"","meta":[],"product_brand":[],"product_cat":[2320],"product_tag":[],"class_list":{"0":"post-45700","1":"product","2":"type-product","3":"status-publish","4":"has-post-thumbnail","6":"product_cat-saules-paneli","8":"first","9":"onbackorder","10":"taxable","11":"shipping-taxable","12":"purchasable","13":"product-type-simple"},"yoast_head":"<!-- This site is optimized with the Yoast SEO plugin v24.3 - https:\/\/yoast.com\/wordpress\/plugins\/seo\/ -->\n<title>AIKO 510W n-type ABC, GEN2, full black - Energy Home<\/title>\n<meta name=\"description\" content=\"AIKO 510W n-type ABC GEN2 Full Black \u2013 jaud\u012bgs un efekt\u012bvs saules panelis ar ABC tehnolo\u0123iju, lielisku \u0113nu toleranci un elegantu piln\u012bb\u0101 melnu dizainu.\" \/>\n<meta name=\"robots\" content=\"index, follow, max-snippet:-1, max-image-preview:large, max-video-preview:-1\" \/>\n<link rel=\"canonical\" href=\"https:\/\/energyhome.lv\/products\/aiko-510w-n-type-abc-gen2-full-black\/\" \/>\n<meta property=\"og:locale\" content=\"en_US\" \/>\n<meta property=\"og:type\" content=\"article\" \/>\n<meta property=\"og:title\" content=\"AIKO 510W n-type ABC, GEN2, full black - Energy Home\" \/>\n<meta property=\"og:description\" content=\"AIKO 510W n-type ABC GEN2 Full Black \u2013 jaud\u012bgs un efekt\u012bvs saules panelis ar ABC tehnolo\u0123iju, lielisku \u0113nu toleranci un elegantu piln\u012bb\u0101 melnu dizainu.\" \/>\n<meta property=\"og:url\" content=\"https:\/\/energyhome.lv\/products\/aiko-510w-n-type-abc-gen2-full-black\/\" \/>\n<meta property=\"og:site_name\" content=\"Energy Home\" \/>\n<meta property=\"article:modified_time\" content=\"2026-04-01T13:48:35+00:00\" \/>\n<meta property=\"og:image\" content=\"https:\/\/energyhome.lv\/wp-content\/uploads\/2025\/02\/Category-Promotion-AIKO.png\" \/>\n\t<meta property=\"og:image:width\" content=\"400\" \/>\n\t<meta property=\"og:image:height\" content=\"400\" \/>\n\t<meta property=\"og:image:type\" content=\"image\/png\" \/>\n<meta name=\"twitter:card\" content=\"summary_large_image\" \/>\n<meta name=\"twitter:label1\" content=\"Est. reading time\" \/>\n\t<meta name=\"twitter:data1\" content=\"1 minute\" \/>\n<script type=\"application\/ld+json\" class=\"yoast-schema-graph\">{\"@context\":\"https:\/\/schema.org\",\"@graph\":[{\"@type\":\"WebPage\",\"@id\":\"https:\/\/energyhome.lv\/products\/aiko-510w-n-type-abc-gen2-full-black\/\",\"url\":\"https:\/\/energyhome.lv\/products\/aiko-510w-n-type-abc-gen2-full-black\/\",\"name\":\"AIKO 510W n-type ABC, GEN2, full black - Energy Home\",\"isPartOf\":{\"@id\":\"https:\/\/energyhome.lv\/#website\"},\"primaryImageOfPage\":{\"@id\":\"https:\/\/energyhome.lv\/products\/aiko-510w-n-type-abc-gen2-full-black\/#primaryimage\"},\"image\":{\"@id\":\"https:\/\/energyhome.lv\/products\/aiko-510w-n-type-abc-gen2-full-black\/#primaryimage\"},\"thumbnailUrl\":\"https:\/\/energyhome.lv\/wp-content\/uploads\/2025\/02\/Category-Promotion-AIKO.png\",\"datePublished\":\"2025-02-04T10:05:36+00:00\",\"dateModified\":\"2026-04-01T13:48:35+00:00\",\"description\":\"AIKO 510W n-type ABC GEN2 Full Black \u2013 jaud\u012bgs un efekt\u012bvs saules panelis ar ABC tehnolo\u0123iju, lielisku \u0113nu toleranci un elegantu piln\u012bb\u0101 melnu dizainu.\",\"breadcrumb\":{\"@id\":\"https:\/\/energyhome.lv\/products\/aiko-510w-n-type-abc-gen2-full-black\/#breadcrumb\"},\"inLanguage\":\"en-US\",\"potentialAction\":[{\"@type\":\"ReadAction\",\"target\":[\"https:\/\/energyhome.lv\/products\/aiko-510w-n-type-abc-gen2-full-black\/\"]}]},{\"@type\":\"ImageObject\",\"inLanguage\":\"en-US\",\"@id\":\"https:\/\/energyhome.lv\/products\/aiko-510w-n-type-abc-gen2-full-black\/#primaryimage\",\"url\":\"https:\/\/energyhome.lv\/wp-content\/uploads\/2025\/02\/Category-Promotion-AIKO.png\",\"contentUrl\":\"https:\/\/energyhome.lv\/wp-content\/uploads\/2025\/02\/Category-Promotion-AIKO.png\",\"width\":400,\"height\":400},{\"@type\":\"BreadcrumbList\",\"@id\":\"https:\/\/energyhome.lv\/products\/aiko-510w-n-type-abc-gen2-full-black\/#breadcrumb\",\"itemListElement\":[{\"@type\":\"ListItem\",\"position\":1,\"name\":\"Home\",\"item\":\"https:\/\/energyhome.lv\/en\/\"},{\"@type\":\"ListItem\",\"position\":2,\"name\":\"Shop\",\"item\":\"https:\/\/energyhome.lv\/\"},{\"@type\":\"ListItem\",\"position\":3,\"name\":\"AIKO 510W n-type ABC, GEN2, full black\"}]},{\"@type\":\"WebSite\",\"@id\":\"https:\/\/energyhome.lv\/#website\",\"url\":\"https:\/\/energyhome.lv\/\",\"name\":\"Energy Home\",\"description\":\"Saules pane\u013ci\",\"publisher\":{\"@id\":\"https:\/\/energyhome.lv\/#organization\"},\"potentialAction\":[{\"@type\":\"SearchAction\",\"target\":{\"@type\":\"EntryPoint\",\"urlTemplate\":\"https:\/\/energyhome.lv\/?s={search_term_string}\"},\"query-input\":{\"@type\":\"PropertyValueSpecification\",\"valueRequired\":true,\"valueName\":\"search_term_string\"}}],\"inLanguage\":\"en-US\"},{\"@type\":\"Organization\",\"@id\":\"https:\/\/energyhome.lv\/#organization\",\"name\":\"Energy Home\",\"url\":\"https:\/\/energyhome.lv\/\",\"logo\":{\"@type\":\"ImageObject\",\"inLanguage\":\"en-US\",\"@id\":\"https:\/\/energyhome.lv\/#\/schema\/logo\/image\/\",\"url\":\"https:\/\/energyhome.lv\/wp-content\/uploads\/2024\/12\/LOGO-PANELI.fw_.png\",\"contentUrl\":\"https:\/\/energyhome.lv\/wp-content\/uploads\/2024\/12\/LOGO-PANELI.fw_.png\",\"width\":537,\"height\":122,\"caption\":\"Energy Home\"},\"image\":{\"@id\":\"https:\/\/energyhome.lv\/#\/schema\/logo\/image\/\"}}]}<\/script>\n<!-- \/ Yoast SEO plugin. -->","yoast_head_json":{"title":"AIKO 510W n-type ABC, GEN2, full black - Energy Home","description":"AIKO 510W n-type ABC GEN2 Full Black \u2013 jaud\u012bgs un efekt\u012bvs saules panelis ar ABC tehnolo\u0123iju, lielisku \u0113nu toleranci un elegantu piln\u012bb\u0101 melnu dizainu.","robots":{"index":"index","follow":"follow","max-snippet":"max-snippet:-1","max-image-preview":"max-image-preview:large","max-video-preview":"max-video-preview:-1"},"canonical":"https:\/\/energyhome.lv\/products\/aiko-510w-n-type-abc-gen2-full-black\/","og_locale":"en_US","og_type":"article","og_title":"AIKO 510W n-type ABC, GEN2, full black - Energy Home","og_description":"AIKO 510W n-type ABC GEN2 Full Black \u2013 jaud\u012bgs un efekt\u012bvs saules panelis ar ABC tehnolo\u0123iju, lielisku \u0113nu toleranci un elegantu piln\u012bb\u0101 melnu dizainu.","og_url":"https:\/\/energyhome.lv\/products\/aiko-510w-n-type-abc-gen2-full-black\/","og_site_name":"Energy Home","article_modified_time":"2026-04-01T13:48:35+00:00","og_image":[{"width":400,"height":400,"url":"https:\/\/energyhome.lv\/wp-content\/uploads\/2025\/02\/Category-Promotion-AIKO.png","type":"image\/png"}],"twitter_card":"summary_large_image","twitter_misc":{"Est. reading time":"1 minute"},"schema":{"@context":"https:\/\/schema.org","@graph":[{"@type":"WebPage","@id":"https:\/\/energyhome.lv\/products\/aiko-510w-n-type-abc-gen2-full-black\/","url":"https:\/\/energyhome.lv\/products\/aiko-510w-n-type-abc-gen2-full-black\/","name":"AIKO 510W n-type ABC, GEN2, full black - Energy Home","isPartOf":{"@id":"https:\/\/energyhome.lv\/#website"},"primaryImageOfPage":{"@id":"https:\/\/energyhome.lv\/products\/aiko-510w-n-type-abc-gen2-full-black\/#primaryimage"},"image":{"@id":"https:\/\/energyhome.lv\/products\/aiko-510w-n-type-abc-gen2-full-black\/#primaryimage"},"thumbnailUrl":"https:\/\/energyhome.lv\/wp-content\/uploads\/2025\/02\/Category-Promotion-AIKO.png","datePublished":"2025-02-04T10:05:36+00:00","dateModified":"2026-04-01T13:48:35+00:00","description":"AIKO 510W n-type ABC GEN2 Full Black \u2013 jaud\u012bgs un efekt\u012bvs saules panelis ar ABC tehnolo\u0123iju, lielisku \u0113nu toleranci un elegantu piln\u012bb\u0101 melnu dizainu.","breadcrumb":{"@id":"https:\/\/energyhome.lv\/products\/aiko-510w-n-type-abc-gen2-full-black\/#breadcrumb"},"inLanguage":"en-US","potentialAction":[{"@type":"ReadAction","target":["https:\/\/energyhome.lv\/products\/aiko-510w-n-type-abc-gen2-full-black\/"]}]},{"@type":"ImageObject","inLanguage":"en-US","@id":"https:\/\/energyhome.lv\/products\/aiko-510w-n-type-abc-gen2-full-black\/#primaryimage","url":"https:\/\/energyhome.lv\/wp-content\/uploads\/2025\/02\/Category-Promotion-AIKO.png","contentUrl":"https:\/\/energyhome.lv\/wp-content\/uploads\/2025\/02\/Category-Promotion-AIKO.png","width":400,"height":400},{"@type":"BreadcrumbList","@id":"https:\/\/energyhome.lv\/products\/aiko-510w-n-type-abc-gen2-full-black\/#breadcrumb","itemListElement":[{"@type":"ListItem","position":1,"name":"Home","item":"https:\/\/energyhome.lv\/en\/"},{"@type":"ListItem","position":2,"name":"Shop","item":"https:\/\/energyhome.lv\/"},{"@type":"ListItem","position":3,"name":"AIKO 510W n-type ABC, GEN2, full black"}]},{"@type":"WebSite","@id":"https:\/\/energyhome.lv\/#website","url":"https:\/\/energyhome.lv\/","name":"Energy Home","description":"Saules pane\u013ci","publisher":{"@id":"https:\/\/energyhome.lv\/#organization"},"potentialAction":[{"@type":"SearchAction","target":{"@type":"EntryPoint","urlTemplate":"https:\/\/energyhome.lv\/?s={search_term_string}"},"query-input":{"@type":"PropertyValueSpecification","valueRequired":true,"valueName":"search_term_string"}}],"inLanguage":"en-US"},{"@type":"Organization","@id":"https:\/\/energyhome.lv\/#organization","name":"Energy Home","url":"https:\/\/energyhome.lv\/","logo":{"@type":"ImageObject","inLanguage":"en-US","@id":"https:\/\/energyhome.lv\/#\/schema\/logo\/image\/","url":"https:\/\/energyhome.lv\/wp-content\/uploads\/2024\/12\/LOGO-PANELI.fw_.png","contentUrl":"https:\/\/energyhome.lv\/wp-content\/uploads\/2024\/12\/LOGO-PANELI.fw_.png","width":537,"height":122,"caption":"Energy Home"},"image":{"@id":"https:\/\/energyhome.lv\/#\/schema\/logo\/image\/"}}]}},"_links":{"self":[{"href":"https:\/\/energyhome.lv\/en\/wp-json\/wp\/v2\/product\/45700","targetHints":{"allow":["GET"]}}],"collection":[{"href":"https:\/\/energyhome.lv\/en\/wp-json\/wp\/v2\/product"}],"about":[{"href":"https:\/\/energyhome.lv\/en\/wp-json\/wp\/v2\/types\/product"}],"version-history":[{"count":6,"href":"https:\/\/energyhome.lv\/en\/wp-json\/wp\/v2\/product\/45700\/revisions"}],"predecessor-version":[{"id":45880,"href":"https:\/\/energyhome.lv\/en\/wp-json\/wp\/v2\/product\/45700\/revisions\/45880"}],"wp:featuredmedia":[{"embeddable":true,"href":"https:\/\/energyhome.lv\/en\/wp-json\/wp\/v2\/media\/45701"}],"wp:attachment":[{"href":"https:\/\/energyhome.lv\/en\/wp-json\/wp\/v2\/media?parent=45700"}],"wp:term":[{"taxonomy":"product_brand","embeddable":true,"href":"https:\/\/energyhome.lv\/en\/wp-json\/wp\/v2\/product_brand?post=45700"},{"taxonomy":"product_cat","embeddable":true,"href":"https:\/\/energyhome.lv\/en\/wp-json\/wp\/v2\/product_cat?post=45700"},{"taxonomy":"product_tag","embeddable":true,"href":"https:\/\/energyhome.lv\/en\/wp-json\/wp\/v2\/product_tag?post=45700"}],"curies":[{"name":"wp","href":"https:\/\/api.w.org\/{rel}","templated":true}]}}