{"id":46328,"date":"2026-01-30T11:54:23","date_gmt":"2026-01-30T11:54:23","guid":{"rendered":"https:\/\/energyhome.lv\/products\/dronedjimavic-4-pro-512gb-creator-combo-dji-rc-pro-2consumercp-ma-00000847-02\/"},"modified":"2026-01-30T13:08:53","modified_gmt":"2026-01-30T13:08:53","slug":"dronedjimavic-4-pro-512gb-creator-combo-dji-rc-pro-2consumercp-ma-00000847-02","status":"publish","type":"product","link":"https:\/\/energyhome.lv\/en\/products\/dronedjimavic-4-pro-512gb-creator-combo-dji-rc-pro-2consumercp-ma-00000847-02\/","title":{"rendered":"Drone|DJI|Mavic 4 Pro 512GB Creator Combo (DJI RC Pro 2)|Consumer|CP.MA.00000847.02"},"content":{"rendered":"<p>Model name Mavic 4 Pro 512GB Creator Combo (DJI RC Pro 2) | Consumer | Speed 25 m\/s (Sport Mode) | Max altitude 6000 m | Sensor Hasselblad Camera: 4\/3 CMOS, Medium Tele Camera: 1\/1.3-inch CMOS, Tele Camera: 1\/1.5-inch CMOS | Camera 100MP+48MP+50MP | Shutter Speed 100MP Single Shot: 1\/8000-8 s | Memory Card Type Micro SD\/Micro SDXC | Wireless LAN | Bluetooth | Battery Lithium-Ion rechargeable | Battery capacity 6654 mAh | Flight time 51 m | GPS | Dimensions Folded (with propellers): 257.6\u00d7124.8\u00d7106.6 mm; Folded (without propellers): 257.6\u00d7124.8\u00d7103.4 mm; Unfolded (without propellers): 328.7\u00d7390.5\u00d7135.2 mm (L\u00d7W\u00d7H) | Product Net Weight 1.063 kg<\/p>\n","protected":false},"excerpt":{"rendered":"<p>Model name Mavic 4 Pro 512GB Creator Combo (DJI RC Pro 2) | Consumer | Speed 25 m\/s (Sport Mode)<\/p>\n","protected":false},"featured_media":50978,"template":"","meta":[],"product_brand":[],"product_cat":[1709],"product_tag":[],"class_list":{"0":"post-46328","1":"product","2":"type-product","3":"status-publish","4":"has-post-thumbnail","6":"product_cat-droni","7":"pa_garantija-menesi-24l","8":"pa_razotajs-dji","9":"pa_svitru-kods-3021","11":"first","12":"instock","13":"taxable","14":"shipping-taxable","15":"purchasable","16":"product-type-simple"},"yoast_head":"<!-- This site is optimized with the Yoast SEO plugin v24.3 - https:\/\/yoast.com\/wordpress\/plugins\/seo\/ -->\n<title>Drone|DJI|Mavic 4 Pro 512GB Creator Combo (DJI RC Pro 2)|Consumer|CP.MA.00000847.02 - Energy Home<\/title>\n<meta name=\"robots\" content=\"index, follow, max-snippet:-1, max-image-preview:large, max-video-preview:-1\" \/>\n<link rel=\"canonical\" href=\"https:\/\/energyhome.lv\/products\/dronedjimavic-4-pro-512gb-creator-combo-dji-rc-pro-2consumercp-ma-00000847-02\/\" \/>\n<meta property=\"og:locale\" content=\"en_US\" \/>\n<meta property=\"og:type\" content=\"article\" \/>\n<meta property=\"og:title\" content=\"Drone|DJI|Mavic 4 Pro 512GB Creator Combo (DJI RC Pro 2)|Consumer|CP.MA.00000847.02 - Energy Home\" \/>\n<meta property=\"og:description\" content=\"Model name Mavic 4 Pro 512GB Creator Combo (DJI RC Pro 2) | Consumer | Speed 25 m\/s (Sport Mode)\" \/>\n<meta property=\"og:url\" content=\"https:\/\/energyhome.lv\/products\/dronedjimavic-4-pro-512gb-creator-combo-dji-rc-pro-2consumercp-ma-00000847-02\/\" \/>\n<meta property=\"og:site_name\" content=\"Energy Home\" \/>\n<meta property=\"article:modified_time\" content=\"2026-01-30T13:08:53+00:00\" \/>\n<meta property=\"og:image\" content=\"https:\/\/energyhome.lv\/wp-content\/uploads\/2026\/01\/5c35b573-5a50-4a58-823d-b56db66ec161.jpeg\" \/>\n\t<meta property=\"og:image:width\" content=\"2000\" \/>\n\t<meta property=\"og:image:height\" content=\"997\" \/>\n\t<meta property=\"og:image:type\" content=\"image\/jpeg\" \/>\n<meta name=\"twitter:card\" content=\"summary_large_image\" \/>\n<script type=\"application\/ld+json\" class=\"yoast-schema-graph\">{\"@context\":\"https:\/\/schema.org\",\"@graph\":[{\"@type\":\"WebPage\",\"@id\":\"https:\/\/energyhome.lv\/products\/dronedjimavic-4-pro-512gb-creator-combo-dji-rc-pro-2consumercp-ma-00000847-02\/\",\"url\":\"https:\/\/energyhome.lv\/products\/dronedjimavic-4-pro-512gb-creator-combo-dji-rc-pro-2consumercp-ma-00000847-02\/\",\"name\":\"Drone|DJI|Mavic 4 Pro 512GB Creator Combo (DJI RC Pro 2)|Consumer|CP.MA.00000847.02 - Energy Home\",\"isPartOf\":{\"@id\":\"https:\/\/energyhome.lv\/#website\"},\"primaryImageOfPage\":{\"@id\":\"https:\/\/energyhome.lv\/products\/dronedjimavic-4-pro-512gb-creator-combo-dji-rc-pro-2consumercp-ma-00000847-02\/#primaryimage\"},\"image\":{\"@id\":\"https:\/\/energyhome.lv\/products\/dronedjimavic-4-pro-512gb-creator-combo-dji-rc-pro-2consumercp-ma-00000847-02\/#primaryimage\"},\"thumbnailUrl\":\"https:\/\/energyhome.lv\/wp-content\/uploads\/2026\/01\/5c35b573-5a50-4a58-823d-b56db66ec161.jpeg\",\"datePublished\":\"2026-01-30T11:54:23+00:00\",\"dateModified\":\"2026-01-30T13:08:53+00:00\",\"breadcrumb\":{\"@id\":\"https:\/\/energyhome.lv\/products\/dronedjimavic-4-pro-512gb-creator-combo-dji-rc-pro-2consumercp-ma-00000847-02\/#breadcrumb\"},\"inLanguage\":\"en-US\",\"potentialAction\":[{\"@type\":\"ReadAction\",\"target\":[\"https:\/\/energyhome.lv\/products\/dronedjimavic-4-pro-512gb-creator-combo-dji-rc-pro-2consumercp-ma-00000847-02\/\"]}]},{\"@type\":\"ImageObject\",\"inLanguage\":\"en-US\",\"@id\":\"https:\/\/energyhome.lv\/products\/dronedjimavic-4-pro-512gb-creator-combo-dji-rc-pro-2consumercp-ma-00000847-02\/#primaryimage\",\"url\":\"https:\/\/energyhome.lv\/wp-content\/uploads\/2026\/01\/5c35b573-5a50-4a58-823d-b56db66ec161.jpeg\",\"contentUrl\":\"https:\/\/energyhome.lv\/wp-content\/uploads\/2026\/01\/5c35b573-5a50-4a58-823d-b56db66ec161.jpeg\",\"width\":2000,\"height\":997},{\"@type\":\"BreadcrumbList\",\"@id\":\"https:\/\/energyhome.lv\/products\/dronedjimavic-4-pro-512gb-creator-combo-dji-rc-pro-2consumercp-ma-00000847-02\/#breadcrumb\",\"itemListElement\":[{\"@type\":\"ListItem\",\"position\":1,\"name\":\"Home\",\"item\":\"https:\/\/energyhome.lv\/en\/\"},{\"@type\":\"ListItem\",\"position\":2,\"name\":\"Shop\",\"item\":\"https:\/\/energyhome.lv\/\"},{\"@type\":\"ListItem\",\"position\":3,\"name\":\"Drone|DJI|Mavic 4 Pro 512GB Creator Combo (DJI RC Pro 2)|Consumer|CP.MA.00000847.02\"}]},{\"@type\":\"WebSite\",\"@id\":\"https:\/\/energyhome.lv\/#website\",\"url\":\"https:\/\/energyhome.lv\/\",\"name\":\"Energy Home\",\"description\":\"Saules pane\u013ci\",\"publisher\":{\"@id\":\"https:\/\/energyhome.lv\/#organization\"},\"potentialAction\":[{\"@type\":\"SearchAction\",\"target\":{\"@type\":\"EntryPoint\",\"urlTemplate\":\"https:\/\/energyhome.lv\/?s={search_term_string}\"},\"query-input\":{\"@type\":\"PropertyValueSpecification\",\"valueRequired\":true,\"valueName\":\"search_term_string\"}}],\"inLanguage\":\"en-US\"},{\"@type\":\"Organization\",\"@id\":\"https:\/\/energyhome.lv\/#organization\",\"name\":\"Energy Home\",\"url\":\"https:\/\/energyhome.lv\/\",\"logo\":{\"@type\":\"ImageObject\",\"inLanguage\":\"en-US\",\"@id\":\"https:\/\/energyhome.lv\/#\/schema\/logo\/image\/\",\"url\":\"https:\/\/energyhome.lv\/wp-content\/uploads\/2024\/12\/LOGO-PANELI.fw_.png\",\"contentUrl\":\"https:\/\/energyhome.lv\/wp-content\/uploads\/2024\/12\/LOGO-PANELI.fw_.png\",\"width\":537,\"height\":122,\"caption\":\"Energy Home\"},\"image\":{\"@id\":\"https:\/\/energyhome.lv\/#\/schema\/logo\/image\/\"}}]}<\/script>\n<!-- \/ Yoast SEO plugin. -->","yoast_head_json":{"title":"Drone|DJI|Mavic 4 Pro 512GB Creator Combo (DJI RC Pro 2)|Consumer|CP.MA.00000847.02 - Energy Home","robots":{"index":"index","follow":"follow","max-snippet":"max-snippet:-1","max-image-preview":"max-image-preview:large","max-video-preview":"max-video-preview:-1"},"canonical":"https:\/\/energyhome.lv\/products\/dronedjimavic-4-pro-512gb-creator-combo-dji-rc-pro-2consumercp-ma-00000847-02\/","og_locale":"en_US","og_type":"article","og_title":"Drone|DJI|Mavic 4 Pro 512GB Creator Combo (DJI RC Pro 2)|Consumer|CP.MA.00000847.02 - Energy Home","og_description":"Model name Mavic 4 Pro 512GB Creator Combo (DJI RC Pro 2) | Consumer | Speed 25 m\/s (Sport Mode)","og_url":"https:\/\/energyhome.lv\/products\/dronedjimavic-4-pro-512gb-creator-combo-dji-rc-pro-2consumercp-ma-00000847-02\/","og_site_name":"Energy Home","article_modified_time":"2026-01-30T13:08:53+00:00","og_image":[{"width":2000,"height":997,"url":"https:\/\/energyhome.lv\/wp-content\/uploads\/2026\/01\/5c35b573-5a50-4a58-823d-b56db66ec161.jpeg","type":"image\/jpeg"}],"twitter_card":"summary_large_image","schema":{"@context":"https:\/\/schema.org","@graph":[{"@type":"WebPage","@id":"https:\/\/energyhome.lv\/products\/dronedjimavic-4-pro-512gb-creator-combo-dji-rc-pro-2consumercp-ma-00000847-02\/","url":"https:\/\/energyhome.lv\/products\/dronedjimavic-4-pro-512gb-creator-combo-dji-rc-pro-2consumercp-ma-00000847-02\/","name":"Drone|DJI|Mavic 4 Pro 512GB Creator Combo (DJI RC Pro 2)|Consumer|CP.MA.00000847.02 - Energy Home","isPartOf":{"@id":"https:\/\/energyhome.lv\/#website"},"primaryImageOfPage":{"@id":"https:\/\/energyhome.lv\/products\/dronedjimavic-4-pro-512gb-creator-combo-dji-rc-pro-2consumercp-ma-00000847-02\/#primaryimage"},"image":{"@id":"https:\/\/energyhome.lv\/products\/dronedjimavic-4-pro-512gb-creator-combo-dji-rc-pro-2consumercp-ma-00000847-02\/#primaryimage"},"thumbnailUrl":"https:\/\/energyhome.lv\/wp-content\/uploads\/2026\/01\/5c35b573-5a50-4a58-823d-b56db66ec161.jpeg","datePublished":"2026-01-30T11:54:23+00:00","dateModified":"2026-01-30T13:08:53+00:00","breadcrumb":{"@id":"https:\/\/energyhome.lv\/products\/dronedjimavic-4-pro-512gb-creator-combo-dji-rc-pro-2consumercp-ma-00000847-02\/#breadcrumb"},"inLanguage":"en-US","potentialAction":[{"@type":"ReadAction","target":["https:\/\/energyhome.lv\/products\/dronedjimavic-4-pro-512gb-creator-combo-dji-rc-pro-2consumercp-ma-00000847-02\/"]}]},{"@type":"ImageObject","inLanguage":"en-US","@id":"https:\/\/energyhome.lv\/products\/dronedjimavic-4-pro-512gb-creator-combo-dji-rc-pro-2consumercp-ma-00000847-02\/#primaryimage","url":"https:\/\/energyhome.lv\/wp-content\/uploads\/2026\/01\/5c35b573-5a50-4a58-823d-b56db66ec161.jpeg","contentUrl":"https:\/\/energyhome.lv\/wp-content\/uploads\/2026\/01\/5c35b573-5a50-4a58-823d-b56db66ec161.jpeg","width":2000,"height":997},{"@type":"BreadcrumbList","@id":"https:\/\/energyhome.lv\/products\/dronedjimavic-4-pro-512gb-creator-combo-dji-rc-pro-2consumercp-ma-00000847-02\/#breadcrumb","itemListElement":[{"@type":"ListItem","position":1,"name":"Home","item":"https:\/\/energyhome.lv\/en\/"},{"@type":"ListItem","position":2,"name":"Shop","item":"https:\/\/energyhome.lv\/"},{"@type":"ListItem","position":3,"name":"Drone|DJI|Mavic 4 Pro 512GB Creator Combo (DJI RC Pro 2)|Consumer|CP.MA.00000847.02"}]},{"@type":"WebSite","@id":"https:\/\/energyhome.lv\/#website","url":"https:\/\/energyhome.lv\/","name":"Energy Home","description":"Saules pane\u013ci","publisher":{"@id":"https:\/\/energyhome.lv\/#organization"},"potentialAction":[{"@type":"SearchAction","target":{"@type":"EntryPoint","urlTemplate":"https:\/\/energyhome.lv\/?s={search_term_string}"},"query-input":{"@type":"PropertyValueSpecification","valueRequired":true,"valueName":"search_term_string"}}],"inLanguage":"en-US"},{"@type":"Organization","@id":"https:\/\/energyhome.lv\/#organization","name":"Energy Home","url":"https:\/\/energyhome.lv\/","logo":{"@type":"ImageObject","inLanguage":"en-US","@id":"https:\/\/energyhome.lv\/#\/schema\/logo\/image\/","url":"https:\/\/energyhome.lv\/wp-content\/uploads\/2024\/12\/LOGO-PANELI.fw_.png","contentUrl":"https:\/\/energyhome.lv\/wp-content\/uploads\/2024\/12\/LOGO-PANELI.fw_.png","width":537,"height":122,"caption":"Energy Home"},"image":{"@id":"https:\/\/energyhome.lv\/#\/schema\/logo\/image\/"}}]}},"_links":{"self":[{"href":"https:\/\/energyhome.lv\/en\/wp-json\/wp\/v2\/product\/46328","targetHints":{"allow":["GET"]}}],"collection":[{"href":"https:\/\/energyhome.lv\/en\/wp-json\/wp\/v2\/product"}],"about":[{"href":"https:\/\/energyhome.lv\/en\/wp-json\/wp\/v2\/types\/product"}],"version-history":[{"count":1,"href":"https:\/\/energyhome.lv\/en\/wp-json\/wp\/v2\/product\/46328\/revisions"}],"predecessor-version":[{"id":46329,"href":"https:\/\/energyhome.lv\/en\/wp-json\/wp\/v2\/product\/46328\/revisions\/46329"}],"wp:featuredmedia":[{"embeddable":true,"href":"https:\/\/energyhome.lv\/en\/wp-json\/wp\/v2\/media\/50978"}],"wp:attachment":[{"href":"https:\/\/energyhome.lv\/en\/wp-json\/wp\/v2\/media?parent=46328"}],"wp:term":[{"taxonomy":"product_brand","embeddable":true,"href":"https:\/\/energyhome.lv\/en\/wp-json\/wp\/v2\/product_brand?post=46328"},{"taxonomy":"product_cat","embeddable":true,"href":"https:\/\/energyhome.lv\/en\/wp-json\/wp\/v2\/product_cat?post=46328"},{"taxonomy":"product_tag","embeddable":true,"href":"https:\/\/energyhome.lv\/en\/wp-json\/wp\/v2\/product_tag?post=46328"}],"curies":[{"name":"wp","href":"https:\/\/api.w.org\/{rel}","templated":true}]}}